{"id":19,"date":"2024-05-23T14:56:55","date_gmt":"2024-05-23T14:56:55","guid":{"rendered":"https:\/\/www.goalscreen.com.cy\/wpadmin\/?page_id=19"},"modified":"2024-05-24T11:06:13","modified_gmt":"2024-05-24T11:06:13","slug":"homepage","status":"publish","type":"page","link":"https:\/\/www.goalscreen.com.cy\/wpadmin\/","title":{"rendered":"Goalscreen"},"content":{"rendered":"\n<main class=\"wp-block-group is-layout-flow wp-container-core-group-is-layout-8a368f38 wp-block-group-is-layout-flow\">\n<div class=\"wp-block-group alignfull has-background is-layout-flow wp-block-group-is-layout-flow\" style=\"background-color:#ededed;margin-top:0;margin-bottom:0;padding-top:calc( 0.5 * var(--wp--style--root--padding-right, var(--wp--custom--gap--horizontal)));padding-right:var(--wp--style--root--padding-right, var(--wp--custom--gap--horizontal));padding-bottom:calc( 0.5 * var(--wp--style--root--padding-right, var(--wp--custom--gap--horizontal)));padding-left:var(--wp--style--root--padding-left, var(--wp--custom--gap--horizontal))\">\n<div style=\"height:calc( 0.25 * var(--wp--style--root--padding-right, var(--wp--custom--gap--horizontal)))\" aria-hidden=\"true\" class=\"wp-block-spacer\"><\/div>\n\n\n\n<div class=\"wp-block-group alignwide is-layout-flow wp-block-group-is-layout-flow\">\n<div class=\"wp-block-group is-layout-constrained wp-block-group-is-layout-constrained\">\n<h4 class=\"wp-block-heading\"><strong>Next Generation Power Solutions.<\/strong><\/h4>\n<\/div>\n\n\n\n<div style=\"height:calc( 0.25 * var(--wp--style--root--padding-right, var(--wp--custom--gap--horizontal)))\" aria-hidden=\"true\" class=\"wp-block-spacer\"><\/div>\n\n\n\n<figure class=\"wp-block-image size-full\"><img loading=\"lazy\" decoding=\"async\" width=\"2560\" height=\"1707\" src=\"https:\/\/www.goalscreen.com.cy\/wpadmin\/wp-content\/uploads\/2024\/05\/pexels-jemsanchez-1108814-scaled.jpg\" alt=\"\" class=\"wp-image-22\" style=\"aspect-ratio:1.7777777777777777;object-fit:cover\" srcset=\"https:\/\/www.goalscreen.com.cy\/wpadmin\/wp-content\/uploads\/2024\/05\/pexels-jemsanchez-1108814-scaled.jpg 2560w, https:\/\/www.goalscreen.com.cy\/wpadmin\/wp-content\/uploads\/2024\/05\/pexels-jemsanchez-1108814-300x200.jpg 300w, https:\/\/www.goalscreen.com.cy\/wpadmin\/wp-content\/uploads\/2024\/05\/pexels-jemsanchez-1108814-1024x683.jpg 1024w, https:\/\/www.goalscreen.com.cy\/wpadmin\/wp-content\/uploads\/2024\/05\/pexels-jemsanchez-1108814-768x512.jpg 768w, https:\/\/www.goalscreen.com.cy\/wpadmin\/wp-content\/uploads\/2024\/05\/pexels-jemsanchez-1108814-1536x1024.jpg 1536w, https:\/\/www.goalscreen.com.cy\/wpadmin\/wp-content\/uploads\/2024\/05\/pexels-jemsanchez-1108814-2048x1365.jpg 2048w\" sizes=\"auto, (max-width: 2560px) 100vw, 2560px\" \/><\/figure>\n<\/div>\n\n\n\n<div style=\"height:calc( 0.25 * var(--wp--style--root--padding-right, var(--wp--custom--gap--horizontal)))\" aria-hidden=\"true\" class=\"wp-block-spacer\"><\/div>\n<\/div>\n\n\n\n<div class=\"wp-block-group alignfull is-content-justification-center is-layout-constrained wp-container-core-group-is-layout-df757ecc wp-block-group-is-layout-constrained\" style=\"margin-top:0;margin-bottom:0;padding-top:calc( 0.5 * var(--wp--style--root--padding-right, var(--wp--custom--gap--horizontal)));padding-right:var(--wp--style--root--padding-right, var(--wp--custom--gap--horizontal));padding-bottom:calc( 0.5 * var(--wp--style--root--padding-right, var(--wp--custom--gap--horizontal)));padding-left:var(--wp--style--root--padding-left, var(--wp--custom--gap--horizontal))\">\n<div style=\"height:calc( 0.25 * var(--wp--style--root--padding-right, var(--wp--custom--gap--horizontal)))\" aria-hidden=\"true\" class=\"wp-block-spacer\"><\/div>\n\n\n\n<div class=\"wp-block-columns alignwide is-layout-flex wp-container-core-columns-is-layout-28f84493 wp-block-columns-is-layout-flex\">\n<div class=\"wp-block-column is-layout-flow wp-block-column-is-layout-flow\">\n<h2 class=\"wp-block-heading has-x-large-font-size wp-container-content-958eb9dc\">Projects<\/h2>\n\n\n\n<div style=\"margin-top:0;margin-bottom:0;height:var(--wp--preset--spacing--10)\" aria-hidden=\"true\" class=\"wp-block-spacer\"><\/div>\n<\/div>\n\n\n\n<div class=\"wp-block-column is-layout-flow wp-container-core-column-is-layout-8a368f38 wp-block-column-is-layout-flow\">\n<div class=\"wp-block-group is-layout-constrained wp-block-group-is-layout-constrained\">\n<p class=\"margin-top-half\"><strong><em>Energia Przykona Sp. z o.o. \u2013 Opole<\/em><\/strong><\/p>\n\n\n\n<p>The project is based on wind technology with a capacity of 500 MW. Located in the southern part of Poland, in the counties of Prudnik, G\u0142ubczyce and K\u0119dzierzyn-Kozel, Opole Voivodeship.<\/p>\n<\/div>\n\n\n\n<div style=\"height:56px\" aria-hidden=\"true\" class=\"wp-block-spacer\"><\/div>\n\n\n\n<div class=\"wp-block-group is-layout-constrained wp-block-group-is-layout-constrained\">\n<p><strong><em>Energia Przykona V Sp. z o.o. \u2013 \u0141ambinowice<\/em><\/strong><\/p>\n\n\n\n<p>The project is based on wind technology with a capacity of 40 MW. Located in the southern part of Poland, in Nysa County, Opole Voivodeship.<\/p>\n<\/div>\n\n\n\n<div style=\"height:110px\" aria-hidden=\"true\" class=\"wp-block-spacer\"><\/div>\n\n\n\n<div class=\"wp-block-group is-layout-constrained wp-block-group-is-layout-constrained\">\n<p><strong><em><strong><em>Neo Energia Przykona III Sp. z o.o. \u2013 Suwa\u0142ki<\/em><\/strong><\/em><\/strong><\/p>\n\n\n\n<p>The project is based on photovoltaic technology with a capacity of 200 MW. Located in the north-eastern part of Poland, in Suwa\u0142ki County, Podlaskie Voivodeship.<\/p>\n<\/div>\n\n\n\n<div style=\"height:59px\" aria-hidden=\"true\" class=\"wp-block-spacer\"><\/div>\n\n\n\n<div class=\"wp-block-group is-layout-constrained wp-block-group-is-layout-constrained\">\n<p><strong><em><strong><em><strong><em>Neo Energia Przykona VIII Sp z o.o. \u2013 So\u015bno<\/em><\/strong><\/em><\/strong><\/em><\/strong><\/p>\n\n\n\n<p>The project is based on wind technology with a capacity of 24 MW. Located in the northern part of Poland, in S\u0119pole\u0144ski County, Kuyavian-Pomeranian Voivodeship.<\/p>\n<\/div>\n\n\n\n<div style=\"height:59px\" aria-hidden=\"true\" class=\"wp-block-spacer\"><\/div>\n\n\n\n<div class=\"wp-block-group is-layout-constrained wp-block-group-is-layout-constrained\">\n<p><strong><em><strong><em><strong><em><strong><em>KWE Sp. z o.o. \u2013 FW Kazimierz Biskupi<\/em><\/strong><\/em><\/strong><\/em><\/strong><\/em><\/strong><\/p>\n\n\n\n<p>The project is based on wind technology with a capacity of 36 MW. Located in the central part of Poland, in Konin County, Greater Poland Voivodeship. Planned start of electricity production in 2026.<\/p>\n<\/div>\n\n\n\n<div style=\"height:58px\" aria-hidden=\"true\" class=\"wp-block-spacer\"><\/div>\n\n\n\n<div class=\"wp-block-group is-layout-constrained wp-block-group-is-layout-constrained\">\n<p><strong><em><strong><em><strong><em><strong><em><strong><em>ESP Tolkmicko Sp. z o.o. \u2013 ESP Tolkmicko<\/em><\/strong><\/em><\/strong><\/em><\/strong><\/em><\/strong><\/em><\/strong><\/p>\n\n\n\n<p>The project is based on pumped storage technology with a capacity of 800 MW. Located in the northern part of Poland, in Elbl\u0105g County, Pomeranian Voivodeship.<\/p>\n<\/div>\n\n\n\n<div style=\"height:52px\" aria-hidden=\"true\" class=\"wp-block-spacer\"><\/div>\n\n\n\n<div class=\"wp-block-group is-layout-constrained wp-block-group-is-layout-constrained\">\n<p><strong><em><strong><em><strong><em><strong><em><strong><em><strong><em>Neo Energia Przykona XV Sp. z o.o. \u2013 ME Zgierz<\/em><\/strong><\/em><\/strong><\/em><\/strong><\/em><\/strong><\/em><\/strong><\/em><\/strong><\/p>\n\n\n\n<p>The project is based on energy storage technology with a capacity of 100 MW. Located in the central part of Poland, in Zgierz County, \u0141\u00f3d\u017a Voivodeship.<\/p>\n<\/div>\n\n\n\n<div style=\"height:59px\" aria-hidden=\"true\" class=\"wp-block-spacer\"><\/div>\n\n\n\n<div class=\"wp-block-group is-layout-constrained wp-block-group-is-layout-constrained\">\n<p><strong><em><strong><em><strong><em><strong><em><strong><em><strong><em><strong><em>PGPV Sp. z o.o. \u2013 Sulmierzyce<\/em><\/strong><\/em><\/strong><\/em><\/strong><\/em><\/strong><\/em><\/strong><\/em><\/strong><\/em><\/strong><\/p>\n\n\n\n<p>The project is based on photovoltaic technology with a capacity of 100 MW. Located in the central part of Poland, in Zgierz County, \u0141\u00f3d\u017a Voivodeship.<\/p>\n<\/div>\n\n\n\n<div style=\"height:115px\" aria-hidden=\"true\" class=\"wp-block-spacer\"><\/div>\n\n\n\n<div class=\"wp-block-group is-layout-constrained wp-block-group-is-layout-constrained\">\n<p><strong><em><strong><em><strong><em><strong><em><strong><em><strong><em><strong><em><strong><em>Solar Serby Sp. z o.o. \u2013 PV Serby<\/em><\/strong><\/em><\/strong><\/em><\/strong><\/em><\/strong><\/em><\/strong><\/em><\/strong><\/em><\/strong><\/em><\/strong><\/p>\n\n\n\n<p>The project is based on photovoltaic technology with a capacity of 88 MW. Located in the southwestern part of Poland, in G\u0142og\u00f3w County, Lower Silesian Voivodeship. Planned start of electricity production in 2025.<\/p>\n<\/div>\n<\/div>\n\n\n\n<div class=\"wp-block-column is-layout-flow wp-container-core-column-is-layout-8a368f38 wp-block-column-is-layout-flow\">\n<div class=\"wp-block-group is-layout-constrained wp-block-group-is-layout-constrained\">\n<p><strong><em>Neo Energia Przykona Sp. z o.o.\u2013 Szczecinek<\/em><\/strong><\/p>\n\n\n\n<p>The project is based on photovoltaic technology with a capacity of 500 MW. Located in the north-west of Poland, in Szczecinek County, West Pomeranian Voivodeship.<\/p>\n<\/div>\n\n\n\n<div style=\"height:85px\" aria-hidden=\"true\" class=\"wp-block-spacer\"><\/div>\n\n\n\n<div class=\"wp-block-group is-layout-constrained wp-block-group-is-layout-constrained\">\n<p><strong><em>Neo Energia Przykona I Sp. z o.o. \u2013 W\u0105dro\u017ce Ruja<\/em><\/strong><\/p>\n\n\n\n<p>The project is based on wind technology with a capacity of 130 MW. Located in the southwestern part of Poland, in the Jawor and Legnica counties, Lower Silesian Voivodeship.<\/p>\n<\/div>\n\n\n\n<div style=\"height:79px\" aria-hidden=\"true\" class=\"wp-block-spacer\"><\/div>\n\n\n\n<div class=\"wp-block-group is-layout-constrained wp-block-group-is-layout-constrained\">\n<p><strong><em><strong><em>Neo Energia Przykona VII Sp. z o.o. \u2013 ME Promnik<\/em><\/strong><\/em><\/strong><\/p>\n\n\n\n<p>The project is based on energy storage technology with a capacity of 120 MW. Located in the southern part of Poland, in Kielce County, \u015awi\u0119tokrzyskie Voivodeship.<\/p>\n<\/div>\n\n\n\n<div style=\"height:61px\" aria-hidden=\"true\" class=\"wp-block-spacer\"><\/div>\n\n\n\n<div class=\"wp-block-group is-layout-constrained wp-block-group-is-layout-constrained\">\n<p><strong><em><strong><em><strong><em>Neo Energia Przykona IX Sp. z o.o. \u2013 ME Krerewo<\/em><\/strong><\/em><\/strong><\/em><\/strong><\/p>\n\n\n\n<p>The project is based on energy storage technology with a capacity of 140 MW. Located in the western part of Poland, in Pozna\u0144 County, Greater Poland Voivodeship.<\/p>\n<\/div>\n\n\n\n<div style=\"height:56px\" aria-hidden=\"true\" class=\"wp-block-spacer\"><\/div>\n\n\n\n<div class=\"wp-block-group is-layout-constrained wp-block-group-is-layout-constrained\">\n<p><strong><em><strong><em><strong><em><strong><em>Solar Kazimierz Biskupi Sp. z o.o. \u2013 PV Kazimierz Biskupi<\/em><\/strong><\/em><\/strong><\/em><\/strong><\/em><\/strong><\/p>\n\n\n\n<p>The project is based on photovoltaic technology with a capacity of 150 MW. Located in the central part of Poland, in Konin County, Greater Poland Voivodeship. Planned start of electricity production in 2026.<\/p>\n<\/div>\n\n\n\n<div style=\"height:56px\" aria-hidden=\"true\" class=\"wp-block-spacer\"><\/div>\n\n\n\n<div class=\"wp-block-group is-layout-constrained wp-block-group-is-layout-constrained\">\n<p><strong><em><strong><em><strong><em><strong><em><strong><em>Neo Energia Przykona X Sp. z o.o. \u2013 ME Paw\u0142owiczki<\/em><\/strong><\/em><\/strong><\/em><\/strong><\/em><\/strong><\/em><\/strong><\/p>\n\n\n\n<p>The project is based on energy storage technology with a capacity of 190 MW. Located in the southern part of Poland, in the K\u0119dzierzyn-Kozelski district, Opole voivodeship.<\/p>\n<\/div>\n\n\n\n<div style=\"height:56px\" aria-hidden=\"true\" class=\"wp-block-spacer\"><\/div>\n\n\n\n<div class=\"wp-block-group is-layout-constrained wp-block-group-is-layout-constrained\">\n<p><strong><em><strong><em><strong><em><strong><em><strong><em><strong><em>Neo Energia Przykona XV Sp. z o.o. \u2013 ME Miku\u0142owa<\/em><\/strong><\/em><\/strong><\/em><\/strong><\/em><\/strong><\/em><\/strong><\/em><\/strong><\/p>\n\n\n\n<p>The project is based on energy storage technology with a capacity of 100 MW. Located in the southwestern part of Poland, in Zgorzelec County, Lower Silesian Voivodeship.<\/p>\n<\/div>\n\n\n\n<div style=\"height:56px\" aria-hidden=\"true\" class=\"wp-block-spacer\"><\/div>\n\n\n\n<div class=\"wp-block-group is-layout-constrained wp-block-group-is-layout-constrained\">\n<p><strong><em><strong><em><strong><em><strong><em><strong><em><strong><em><strong><em>Farma Wiatrowa Szybowice \u2013 Szybowice<\/em><\/strong><\/em><\/strong><\/em><\/strong><\/em><\/strong><\/em><\/strong><\/em><\/strong><\/em><\/strong><\/p>\n\n\n\n<p>The project is based on wind technology with a capacity of 40 MW. Located in the southern part of Poland, in Prudnik County, Opole Voivodeship. Planned start of electricity production in 2025.<\/p>\n<\/div>\n\n\n\n<div style=\"height:56px\" aria-hidden=\"true\" class=\"wp-block-spacer\"><\/div>\n\n\n\n<div class=\"wp-block-group is-layout-constrained wp-block-group-is-layout-constrained\">\n<p><strong><em><strong><em><strong><em><strong><em><strong><em><strong><em><strong><em><strong><em>K Green Japan Sp. z o.o. \u2013 Turek<\/em><\/strong><\/em><\/strong><\/em><\/strong><\/em><\/strong><\/em><\/strong><\/em><\/strong><\/em><\/strong><\/em><\/strong><\/p>\n\n\n\n<p>The project is based on gas technology with a capacity of 140 MW. Located in the western part of Poland, in Pozna\u0144 County, Greater Poland Voivodeship.<\/p>\n<\/div>\n<\/div>\n<\/div>\n\n\n\n<div style=\"height:18px\" aria-hidden=\"true\" class=\"wp-block-spacer\"><\/div>\n<\/div>\n\n\n\n<div class=\"wp-block-group alignfull has-theme-2-background-color has-background is-content-justification-center is-layout-constrained wp-container-core-group-is-layout-df757ecc wp-block-group-is-layout-constrained\" style=\"margin-top:0;margin-bottom:0;padding-top:calc( 0.5 * var(--wp--style--root--padding-right, var(--wp--custom--gap--horizontal)));padding-right:var(--wp--style--root--padding-right, var(--wp--custom--gap--horizontal));padding-bottom:calc( 0.5 * var(--wp--style--root--padding-right, var(--wp--custom--gap--horizontal)));padding-left:var(--wp--style--root--padding-left, var(--wp--custom--gap--horizontal))\">\n<div style=\"height:calc( 0.25 * var(--wp--style--root--padding-right, var(--wp--custom--gap--horizontal)))\" aria-hidden=\"true\" class=\"wp-block-spacer\"><\/div>\n\n\n\n<div class=\"wp-block-columns alignwide is-layout-flex wp-container-core-columns-is-layout-28f84493 wp-block-columns-is-layout-flex\">\n<div class=\"wp-block-column is-layout-flow wp-block-column-is-layout-flow\" style=\"flex-basis:50%\">\n<h2 class=\"wp-block-heading has-text-align-left\">Contact Us<\/h2>\n\n\n\n<div style=\"height:var(--wp--preset--spacing--10)\" aria-hidden=\"true\" class=\"wp-block-spacer\"><\/div>\n\n\n\n<div style=\"height:var(--wp--preset--spacing--10)\" aria-hidden=\"true\" class=\"wp-block-spacer\"><\/div>\n<\/div>\n<\/div>\n\n\n\n<div style=\"height:calc( 0.25 * var(--wp--style--root--padding-right, var(--wp--custom--gap--horizontal)))\" aria-hidden=\"true\" class=\"wp-block-spacer\"><\/div>\n<\/div>\n<\/main>\n\n\n\n<div class=\"wp-block-columns is-layout-flex wp-container-core-columns-is-layout-28f84493 wp-block-columns-is-layout-flex\">\n<div class=\"wp-block-column is-layout-flow wp-block-column-is-layout-flow\">\n<p><p><strong><em>Location<\/em><\/strong><\/p><div class=\"wp-block-group\"><div class=\"wp-block-group\"><p class=\"has-text-align-left\"><em>GOALSCREEN HOLDINGS L<span style=\"color: var(--wp--preset--color--foreground); font-family: var(--wp--preset--font-family--system-font); font-size: var(--wp--preset--font-size--medium);\">TD<\/span><\/em><\/p><\/div><\/div><\/p>\n\n\n\n<p><div class=\"wp-block-group\"><div class=\"wp-block-group\"><p class=\"has-text-align-left\"><span style=\"background-color: var(--wp--preset--color--background); color: var(--wp--preset--color--foreground); font-family: var(--wp--preset--font-family--system-font); font-size: var(--wp--preset--font-size--medium);\">Stasinou 53, Floor 2, <\/span><\/p><\/div><\/div><\/p>\n\n\n\n<p><div class=\"wp-block-group\"><div class=\"wp-block-group\"><p class=\"has-text-align-left\"><span style=\"background-color: var(--wp--preset--color--background); color: var(--wp--preset--color--foreground); font-family: var(--wp--preset--font-family--system-font); font-size: var(--wp--preset--font-size--medium);\">Office 21, 6023,<\/span><\/p><\/div><\/div><\/p>\n\n\n\n<p><div class=\"wp-block-group\"><div class=\"wp-block-group\"><p class=\"has-text-align-left\"><span style=\"background-color: var(--wp--preset--color--background); color: var(--wp--preset--color--foreground); font-family: var(--wp--preset--font-family--system-font); font-size: var(--wp--preset--font-size--medium);\">Larnaca, Cyprus<\/span><\/p><\/div><\/div><br><br><\/p>\n<\/div>\n\n\n\n<div class=\"wp-block-column is-layout-flow wp-block-column-is-layout-flow\">\n<p><strong><em>Contact Us<\/em><\/strong><\/p>\n\n\n\n<div class=\"wp-block-group is-vertical is-layout-flex wp-container-core-group-is-layout-fe9cc265 wp-block-group-is-layout-flex\">\n<p class=\"has-text-align-left\"><a href=\"mailto:office@goalscreen.com.cy\">office@goalscreen.com.cy<\/a><\/p>\n\n\n\n<p class=\"has-text-align-left\">+357 24023013  <\/p>\n<\/div>\n<\/div>\n<\/div>\n","protected":false},"excerpt":{"rendered":"<p>Next Generation Power Solutions. Projects Energia Przykona Sp. z o.o. \u2013 Opole The project is based on wind technology with a capacity of 500 MW. Located in the southern part of Poland, in the counties of Prudnik, G\u0142ubczyce and K\u0119dzierzyn-Kozel, Opole Voivodeship. Energia Przykona V Sp. z o.o. \u2013 \u0141ambinowice The project is based on [&hellip;]<\/p>\n","protected":false},"author":1,"featured_media":0,"parent":0,"menu_order":0,"comment_status":"closed","ping_status":"closed","template":"","meta":{"footnotes":""},"class_list":["post-19","page","type-page","status-publish","hentry"],"_links":{"self":[{"href":"https:\/\/www.goalscreen.com.cy\/wpadmin\/index.php?rest_route=\/wp\/v2\/pages\/19","targetHints":{"allow":["GET"]}}],"collection":[{"href":"https:\/\/www.goalscreen.com.cy\/wpadmin\/index.php?rest_route=\/wp\/v2\/pages"}],"about":[{"href":"https:\/\/www.goalscreen.com.cy\/wpadmin\/index.php?rest_route=\/wp\/v2\/types\/page"}],"author":[{"embeddable":true,"href":"https:\/\/www.goalscreen.com.cy\/wpadmin\/index.php?rest_route=\/wp\/v2\/users\/1"}],"replies":[{"embeddable":true,"href":"https:\/\/www.goalscreen.com.cy\/wpadmin\/index.php?rest_route=%2Fwp%2Fv2%2Fcomments&post=19"}],"version-history":[{"count":29,"href":"https:\/\/www.goalscreen.com.cy\/wpadmin\/index.php?rest_route=\/wp\/v2\/pages\/19\/revisions"}],"predecessor-version":[{"id":61,"href":"https:\/\/www.goalscreen.com.cy\/wpadmin\/index.php?rest_route=\/wp\/v2\/pages\/19\/revisions\/61"}],"wp:attachment":[{"href":"https:\/\/www.goalscreen.com.cy\/wpadmin\/index.php?rest_route=%2Fwp%2Fv2%2Fmedia&parent=19"}],"curies":[{"name":"wp","href":"https:\/\/api.w.org\/{rel}","templated":true}]}}